{"id":59,"date":"2020-06-29T05:45:44","date_gmt":"2020-06-29T05:45:44","guid":{"rendered":"https:\/\/asteca.mx\/?page_id=59"},"modified":"2020-07-23T03:34:03","modified_gmt":"2020-07-23T03:34:03","slug":"servicios","status":"publish","type":"page","link":"https:\/\/asteca.mx\/?page_id=59","title":{"rendered":"SERVICIOS"},"content":{"rendered":"<figure><img decoding=\"async\" src=\"https:\/\/asteca.mx\/wp-content\/uploads\/2020\/07\/1-2.png\" alt=\"1\" \/><\/figure>\n<figure><img decoding=\"async\" src=\"https:\/\/asteca.mx\/wp-content\/uploads\/2020\/07\/2-2.png\" alt=\"2\" \/><\/figure>\n<p>\t\t\t\t\t\tPrevio<br \/>\n\t\t\t\t\t\tSiguiente<\/p>\n<ul>\n<li>Levantamientos topogr\u00e1ficos.<\/li>\n<li>Tendido de carpetas asf\u00e1lticas.<\/li>\n<li>Guarniciones y banquetas.<\/li>\n<li>Fresado de carpetas.<\/li>\n<li>Terracer\u00edas.<\/li>\n<\/ul>\n","protected":false},"excerpt":{"rendered":"<p>Previo Siguiente Levantamientos topogr\u00e1ficos. Tendido de carpetas asf\u00e1lticas. Guarniciones y banquetas. Fresado de carpetas. Terracer\u00edas.<\/p>\n","protected":false},"author":1,"featured_media":0,"parent":0,"menu_order":0,"comment_status":"closed","ping_status":"closed","template":"","meta":{"_joinchat":[],"footnotes":""},"class_list":["post-59","page","type-page","status-publish"],"_links":{"self":[{"href":"https:\/\/asteca.mx\/index.php?rest_route=\/wp\/v2\/pages\/59","targetHints":{"allow":["GET"]}}],"collection":[{"href":"https:\/\/asteca.mx\/index.php?rest_route=\/wp\/v2\/pages"}],"about":[{"href":"https:\/\/asteca.mx\/index.php?rest_route=\/wp\/v2\/types\/page"}],"author":[{"embeddable":true,"href":"https:\/\/asteca.mx\/index.php?rest_route=\/wp\/v2\/users\/1"}],"replies":[{"embeddable":true,"href":"https:\/\/asteca.mx\/index.php?rest_route=%2Fwp%2Fv2%2Fcomments&post=59"}],"version-history":[{"count":3,"href":"https:\/\/asteca.mx\/index.php?rest_route=\/wp\/v2\/pages\/59\/revisions"}],"predecessor-version":[{"id":151,"href":"https:\/\/asteca.mx\/index.php?rest_route=\/wp\/v2\/pages\/59\/revisions\/151"}],"wp:attachment":[{"href":"https:\/\/asteca.mx\/index.php?rest_route=%2Fwp%2Fv2%2Fmedia&parent=59"}],"curies":[{"name":"wp","href":"https:\/\/api.w.org\/{rel}","templated":true}]}}